{"id":6,"date":"2023-04-19T00:00:05","date_gmt":"2023-04-18T22:00:05","guid":{"rendered":"https:\/\/natureenpixels.terryguardia.com\/?page_id=6"},"modified":"2023-04-27T11:39:02","modified_gmt":"2023-04-27T09:39:02","slug":"beaux-portfolios-pour-des-creatifs-exceptionnels","status":"publish","type":"page","link":"https:\/\/natureenpixels.terryguardia.com\/","title":{"rendered":"La beaut\u00e9 de la nature captur\u00e9e en photos et en fleurs"},"content":{"rendered":"\n<p class=\"has-text-align-center\">D\u00e9couvrez la beaut\u00e9 de la <strong>nature<\/strong> \u00e0 travers nos photos et nos cr\u00e9ations <strong>florales<\/strong>. Suivez notre blog pour des astuces, des id\u00e9es et des inspirations sur la <strong>photographie<\/strong>, la <strong>fleuristerie<\/strong> et la <strong>nature<\/strong>.<\/p>\n\n\n\n<div style=\"height:55px\" aria-hidden=\"true\" class=\"wp-block-spacer\"><\/div>\n\n\n\n<div class=\"wp-block-group alignfull has-background is-layout-constrained\" style=\"background-color:#e5e9ec\"><div class=\"wp-block-group__inner-container\">\n<div class=\"wp-block-columns is-layout-flex wp-container-4\">\n<div class=\"wp-block-column is-vertically-aligned-center is-layout-flow\">\n<h2 class=\"wp-block-heading\">\u00c0 propos de nous<\/h2>\n\n\n\n<p>Nous sommes <strong>Sabine<\/strong> et <strong>Guillaume<\/strong>, un couple passionn\u00e9 de <strong>nature<\/strong> et de <strong>fleuristerie<\/strong>. Nous sommes bas\u00e9s \u00e0 <strong>Lourmarin<\/strong>, en France, o\u00f9 nous nous inspirons de la beaut\u00e9 de la <strong>nature<\/strong> pour cr\u00e9er des arrangements floraux uniques et magnifiques. Nous partageons notre passion pour la <strong>nature<\/strong> sur notre blog d\u00e9di\u00e9 \u00e0 la <strong>photographie<\/strong> et \u00e0 la flore.<\/p>\n\n\n\n<div class=\"wp-block-buttons is-horizontal is-content-justification-left is-layout-flex wp-container-1\">\n<div class=\"wp-block-button is-style-outline\"><a class=\"wp-block-button__link wp-element-button\" href=\"https:\/\/natureenpixels.terryguardia.com\/index.php\/a-propos\/\">En savoir plus<\/a><\/div>\n<\/div>\n\n\n\n<p><\/p>\n<\/div>\n\n\n\n<div class=\"wp-block-column is-layout-flow\">\n<div style=\"height:48px\" aria-hidden=\"true\" class=\"wp-block-spacer\"><\/div>\n\n\n\n<figure class=\"wp-block-image size-large\"><img decoding=\"async\" loading=\"lazy\" width=\"1024\" height=\"683\" src=\"http:\/\/natureenpixels.terryguardia.com\/wp-content\/uploads\/2023\/04\/fleuriste-masculin-arrangeant-roses-fraiches-dans-magasin-fleuriste-1024x683.jpg\" alt=\"\" class=\"wp-image-141\" srcset=\"https:\/\/natureenpixels.terryguardia.com\/wp-content\/uploads\/2023\/04\/fleuriste-masculin-arrangeant-roses-fraiches-dans-magasin-fleuriste-1024x683.jpg 1024w, https:\/\/natureenpixels.terryguardia.com\/wp-content\/uploads\/2023\/04\/fleuriste-masculin-arrangeant-roses-fraiches-dans-magasin-fleuriste-300x200.jpg 300w, https:\/\/natureenpixels.terryguardia.com\/wp-content\/uploads\/2023\/04\/fleuriste-masculin-arrangeant-roses-fraiches-dans-magasin-fleuriste-768x512.jpg 768w, https:\/\/natureenpixels.terryguardia.com\/wp-content\/uploads\/2023\/04\/fleuriste-masculin-arrangeant-roses-fraiches-dans-magasin-fleuriste-1536x1024.jpg 1536w, https:\/\/natureenpixels.terryguardia.com\/wp-content\/uploads\/2023\/04\/fleuriste-masculin-arrangeant-roses-fraiches-dans-magasin-fleuriste-2048x1365.jpg 2048w, https:\/\/natureenpixels.terryguardia.com\/wp-content\/uploads\/2023\/04\/fleuriste-masculin-arrangeant-roses-fraiches-dans-magasin-fleuriste-2000x1333.jpg 2000w\" sizes=\"(max-width: 1024px) 100vw, 1024px\" \/><\/figure>\n<\/div>\n<\/div>\n<\/div><\/div>\n\n\n\n<div class=\"wp-block-group alignfull is-layout-flow\"><div class=\"wp-block-group__inner-container\">\n<div style=\"height:49px\" aria-hidden=\"true\" class=\"wp-block-spacer\"><\/div>\n\n\n\n<div class=\"wp-block-columns is-layout-flex wp-container-9\">\n<div class=\"wp-block-column is-vertically-aligned-center is-layout-flow\"><div class=\"wp-block-image\">\n<figure class=\"aligncenter size-full\"><img decoding=\"async\" loading=\"lazy\" width=\"200\" height=\"200\" src=\"http:\/\/natureenpixels.terryguardia.com\/wp-content\/uploads\/2023\/04\/Lafleur-1.png\" alt=\"\" class=\"wp-image-132\" srcset=\"https:\/\/natureenpixels.terryguardia.com\/wp-content\/uploads\/2023\/04\/Lafleur-1.png 200w, https:\/\/natureenpixels.terryguardia.com\/wp-content\/uploads\/2023\/04\/Lafleur-1-150x150.png 150w\" sizes=\"(max-width: 200px) 100vw, 200px\" \/><\/figure><\/div><\/div>\n\n\n\n<div class=\"wp-block-column is-vertically-aligned-center is-layout-flow\">\n<h2 class=\"wp-block-heading\">Lafleur<\/h2>\n\n\n\n<p>Lafleur est notre boutique en ligne proposant des fleurs et <strong>plantes<\/strong> de qualit\u00e9. Fra\u00eeches, locales et de saison, nos produits sont livr\u00e9s rapidement \u00e0 un prix abordable. D\u00e9couvrez notre s\u00e9lection de fleurs et <strong>plantes<\/strong> sur Lafleur et invitez la beaut\u00e9 de la <strong>nature<\/strong> chez vous.<\/p>\n\n\n\n<div class=\"wp-block-buttons is-layout-flex\">\n<div class=\"wp-block-button is-style-outline\"><a class=\"wp-block-button__link wp-element-button\" href=\"https:\/\/lafleur.terryguardia.com\/\">Voir notre boutique<\/a><\/div>\n<\/div>\n<\/div>\n<\/div>\n\n\n\n<p> <div style=\"height:49px\" aria-hidden=\"true\" class=\"wp-block-spacer\"><\/div><\/p>\n<\/div><\/div>\n\n\n\n<div class=\"wp-block-group alignfull has-black-background-color has-background is-layout-flow\"><div class=\"wp-block-group__inner-container\">\n<h2 class=\"wp-block-heading has-text-align-center has-white-color has-text-color\"><strong>Galer<\/strong>ie<\/h2>\n\n\n\n<figure class=\"wp-block-gallery aligncenter has-nested-images columns-default is-cropped wp-block-gallery-11 is-layout-flex\">\n<figure class=\"wp-block-image size-full\"><img decoding=\"async\" loading=\"lazy\" width=\"690\" height=\"500\" src=\"http:\/\/natureenpixels.terryguardia.com\/wp-content\/uploads\/2023\/04\/39fa0f70b365c68fd73845fc53661c5d96b79e35_fleurs_sechees_blog.webp\" alt=\"\" class=\"wp-image-86\" srcset=\"https:\/\/natureenpixels.terryguardia.com\/wp-content\/uploads\/2023\/04\/39fa0f70b365c68fd73845fc53661c5d96b79e35_fleurs_sechees_blog.webp 690w, https:\/\/natureenpixels.terryguardia.com\/wp-content\/uploads\/2023\/04\/39fa0f70b365c68fd73845fc53661c5d96b79e35_fleurs_sechees_blog-300x217.webp 300w\" sizes=\"(max-width: 690px) 100vw, 690px\" \/><\/figure>\n\n\n\n<figure class=\"wp-block-image size-full\"><img decoding=\"async\" loading=\"lazy\" width=\"690\" height=\"500\" src=\"http:\/\/natureenpixels.terryguardia.com\/wp-content\/uploads\/2023\/04\/609906d15550d_shutterstock_218961940.webp\" alt=\"\" class=\"wp-image-87\" srcset=\"https:\/\/natureenpixels.terryguardia.com\/wp-content\/uploads\/2023\/04\/609906d15550d_shutterstock_218961940.webp 690w, https:\/\/natureenpixels.terryguardia.com\/wp-content\/uploads\/2023\/04\/609906d15550d_shutterstock_218961940-300x217.webp 300w\" sizes=\"(max-width: 690px) 100vw, 690px\" \/><\/figure>\n\n\n\n<figure class=\"wp-block-image size-full\"><img decoding=\"async\" loading=\"lazy\" width=\"615\" height=\"446\" src=\"http:\/\/natureenpixels.terryguardia.com\/wp-content\/uploads\/2023\/04\/5ece925722123_mimosa_4.webp\" alt=\"\" class=\"wp-image-89\" srcset=\"https:\/\/natureenpixels.terryguardia.com\/wp-content\/uploads\/2023\/04\/5ece925722123_mimosa_4.webp 615w, https:\/\/natureenpixels.terryguardia.com\/wp-content\/uploads\/2023\/04\/5ece925722123_mimosa_4-300x218.webp 300w\" sizes=\"(max-width: 615px) 100vw, 615px\" \/><\/figure>\n\n\n\n<figure class=\"wp-block-image size-full\"><img decoding=\"async\" loading=\"lazy\" width=\"690\" height=\"500\" src=\"http:\/\/natureenpixels.terryguardia.com\/wp-content\/uploads\/2023\/04\/5f6dbbd1a07a1_visuel1.webp\" alt=\"\" class=\"wp-image-91\" srcset=\"https:\/\/natureenpixels.terryguardia.com\/wp-content\/uploads\/2023\/04\/5f6dbbd1a07a1_visuel1.webp 690w, https:\/\/natureenpixels.terryguardia.com\/wp-content\/uploads\/2023\/04\/5f6dbbd1a07a1_visuel1-300x217.webp 300w\" sizes=\"(max-width: 690px) 100vw, 690px\" \/><\/figure>\n\n\n\n<figure class=\"wp-block-image size-full\"><img decoding=\"async\" loading=\"lazy\" width=\"615\" height=\"446\" src=\"http:\/\/natureenpixels.terryguardia.com\/wp-content\/uploads\/2023\/04\/5eced81c76c74_fleurs_printemps_tulipes.webp\" alt=\"\" class=\"wp-image-90\" srcset=\"https:\/\/natureenpixels.terryguardia.com\/wp-content\/uploads\/2023\/04\/5eced81c76c74_fleurs_printemps_tulipes.webp 615w, https:\/\/natureenpixels.terryguardia.com\/wp-content\/uploads\/2023\/04\/5eced81c76c74_fleurs_printemps_tulipes-300x218.webp 300w\" sizes=\"(max-width: 615px) 100vw, 615px\" \/><\/figure>\n\n\n\n<figure class=\"wp-block-image size-full\"><img decoding=\"async\" loading=\"lazy\" width=\"615\" height=\"446\" src=\"http:\/\/natureenpixels.terryguardia.com\/wp-content\/uploads\/2023\/04\/5eba8dcd62ace_fleurs_comestibles_oeillet_2.webp\" alt=\"\" class=\"wp-image-88\" srcset=\"https:\/\/natureenpixels.terryguardia.com\/wp-content\/uploads\/2023\/04\/5eba8dcd62ace_fleurs_comestibles_oeillet_2.webp 615w, https:\/\/natureenpixels.terryguardia.com\/wp-content\/uploads\/2023\/04\/5eba8dcd62ace_fleurs_comestibles_oeillet_2-300x218.webp 300w\" sizes=\"(max-width: 615px) 100vw, 615px\" \/><\/figure>\n<\/figure>\n<\/div><\/div>\n\n\n\n<div class=\"wp-block-cover alignfull is-light has-parallax is-position-center-center\" style=\"min-height:375px\"><span aria-hidden=\"true\" class=\"wp-block-cover__background has-black-background-color has-background-dim-40 has-background-dim\"><\/span><div role=\"img\" class=\"wp-block-cover__image-background wp-image-135 has-parallax\" style=\"background-position:50% 50%;background-image:url(http:\/\/natureenpixels.terryguardia.com\/wp-content\/uploads\/2023\/04\/beau-bouquet-tulipes-au-printemps-scaled.jpg)\"><\/div><div class=\"wp-block-cover__inner-container\">\n<blockquote class=\"wp-block-quote is-style-plain has-white-color has-text-color has-background has-medium-font-size\" style=\"background-color:#0000005c\">\n<p class=\"has-background has-medium-font-size\" style=\"background-color:#00000000\"><em>&#8220;La <strong>nature<\/strong> est la plus belle galerie d&#8217;art du monde, et chaque <strong>fleur<\/strong> est une oeuvre d&#8217;art \u00e0 part enti\u00e8re.&#8221;<\/em><\/p>\n<cite><em>Ralph Waldo Emerson<\/em><\/cite><\/blockquote>\n\n\n\n<div style=\"height:39px\" aria-hidden=\"true\" class=\"wp-block-spacer\"><\/div>\n\n\n\n<div class=\"wp-block-buttons is-horizontal is-content-justification-center is-layout-flex wp-container-14\">\n<div class=\"wp-block-button is-style-outline\"><a class=\"wp-block-button__link has-white-color has-text-color wp-element-button\" href=\"https:\/\/natureenpixels.terryguardia.com\/index.php\/contact\/\">Contactez-nous<\/a><\/div>\n<\/div>\n<\/div><\/div>\n","protected":false},"excerpt":{"rendered":"<p>D\u00e9couvrez la beaut\u00e9 de la nature \u00e0 travers nos photos et nos cr\u00e9ations florales. Suivez notre blog pour des astuces, des id\u00e9es et des inspirations sur la photographie, la fleuristerie et la nature. \u00c0 propos de nous Nous sommes Sabine et Guillaume, un couple passionn\u00e9 de nature et de fleuristerie. Nous sommes bas\u00e9s \u00e0 Lourmarin, &hellip; <\/p>\n<p class=\"link-more\"><a href=\"https:\/\/natureenpixels.terryguardia.com\/\" class=\"more-link\">Read more<span class=\"screen-reader-text\"> &#8220;La beaut\u00e9 de la nature captur\u00e9e en photos et en fleurs&#8221;<\/span><\/a><\/p>\n","protected":false},"author":1,"featured_media":137,"parent":0,"menu_order":0,"comment_status":"closed","ping_status":"closed","template":"","meta":[],"_links":{"self":[{"href":"https:\/\/natureenpixels.terryguardia.com\/index.php\/wp-json\/wp\/v2\/pages\/6"}],"collection":[{"href":"https:\/\/natureenpixels.terryguardia.com\/index.php\/wp-json\/wp\/v2\/pages"}],"about":[{"href":"https:\/\/natureenpixels.terryguardia.com\/index.php\/wp-json\/wp\/v2\/types\/page"}],"author":[{"embeddable":true,"href":"https:\/\/natureenpixels.terryguardia.com\/index.php\/wp-json\/wp\/v2\/users\/1"}],"replies":[{"embeddable":true,"href":"https:\/\/natureenpixels.terryguardia.com\/index.php\/wp-json\/wp\/v2\/comments?post=6"}],"version-history":[{"count":17,"href":"https:\/\/natureenpixels.terryguardia.com\/index.php\/wp-json\/wp\/v2\/pages\/6\/revisions"}],"predecessor-version":[{"id":150,"href":"https:\/\/natureenpixels.terryguardia.com\/index.php\/wp-json\/wp\/v2\/pages\/6\/revisions\/150"}],"wp:featuredmedia":[{"embeddable":true,"href":"https:\/\/natureenpixels.terryguardia.com\/index.php\/wp-json\/wp\/v2\/media\/137"}],"wp:attachment":[{"href":"https:\/\/natureenpixels.terryguardia.com\/index.php\/wp-json\/wp\/v2\/media?parent=6"}],"curies":[{"name":"wp","href":"https:\/\/api.w.org\/{rel}","templated":true}]}}